{"id":3681,"date":"2023-04-06T00:09:20","date_gmt":"2023-04-06T06:09:20","guid":{"rendered":"http:\/\/laclinicadentalsantafe.com\/?page_id=3681"},"modified":"2026-03-20T17:49:59","modified_gmt":"2026-03-20T23:49:59","slug":"politicas-de-privacidad","status":"publish","type":"page","link":"https:\/\/dentalcuernavaca.clinic\/?page_id=3681","title":{"rendered":"Pol\u00edticas de Privacidad"},"content":{"rendered":"<div id=\"pl-3681\"  class=\"panel-layout\" ><div id=\"pg-3681-0\"  class=\"panel-grid panel-has-style\" ><div class=\"siteorigin-panels-stretch divider-no-animation tablet-default mobile-1-in-row desktop-default panel-row-style panel-row-style-for-3681-0\" data-stretch-type=\"full\" ><div id=\"pgc-3681-0-0\"  class=\"panel-grid-cell\" ><div id=\"panel-3681-0-0-0\" class=\"so-panel widget widget_text panel-first-child\" data-index=\"0\" ><div class=\"orion custom default panel-widget-style panel-widget-style-for-3681-0-0-0\" >\t\t\t<div class=\"textwidget\"><p style=\"text-align: justify;\"><strong>LA CL\u00cdNICA DENTAL<\/strong>\u00a0o cualquiera de sus subsidiarias y\/o afiliadas (sucursales) en cumplimiento a lo establecido por la Ley Federal de Protecci\u00f3n de Datos Personales en Posesi\u00f3n de los Particulares (la \u201cLey\u201d) y con la finalidad de garantizar la privacidad y el derecho a la autodeterminaci\u00f3n informativa de sus clientes, hace de su conocimiento la pol\u00edtica de privacidad y manejo de datos personales.<\/p>\n<p style=\"text-align: justify;\"><strong>I. Recabaci\u00f3n de datos.<\/strong><\/p>\n<ol style=\"text-align: justify;\">\n<li>Personales. En la venta de productos y prestaci\u00f3n de servicios,\u00a0<strong>LA CL\u00cdNICA DENTAL<\/strong>\u00a0requerir\u00e1 a sus clientes los siguientes datos: Nombre, Direcci\u00f3n, Tel\u00e9fono, Edad, Sexo, Registro Federal de Contribuyentes y correo electr\u00f3nico.<\/li>\n<li>Personales Sensibles. En la prestaci\u00f3n del servicio de orientaci\u00f3n m\u00e9dica,\u00a0<strong>LA CL\u00cdNICA DENTAL<\/strong>\u00a0recabar\u00e1 de sus clientes la informaci\u00f3n relativa a su historia cl\u00ednica. Dado la naturaleza de estos datos, cada cliente que reciba el servicio de orientaci\u00f3n m\u00e9dica odontolog\u00eda deber\u00e1 firmar el aviso de privacidad que se adjunte a su historia cl\u00ednica, mismo que se\u00f1ala expresamente que se trata de datos personales sensibles.<\/li>\n<\/ol>\n<p style=\"text-align: justify;\"><strong>II. Finalidad del tratamiento de datos.<\/strong><\/p>\n<ol style=\"text-align: justify;\">\n<li>Personales. Utilizaremos los datos que el cliente nos proporcione: (i) con fines comerciales para vender y\/o contactarlo y enviarle informaci\u00f3n respecto los productos y los servicios, y (ii) con fines estad\u00edsticos sujetos a un proceso de disociaci\u00f3n.<\/li>\n<li>Personales Sensibles. En la prestaci\u00f3n del servicio de orientaci\u00f3n m\u00e9dica gratuita, \u00fanicamente utilizaremos los datos para (i) fines de diagn\u00f3stico y tratamiento del cliente, y (ii) fines estad\u00edsticos sujetos a un proceso de disociaci\u00f3n.<\/li>\n<\/ol>\n<p style=\"text-align: justify;\"><strong>III. Transferencias de datos.<\/strong><\/p>\n<ol style=\"text-align: justify;\">\n<li>Personales. Excepto por aquellos datos personales que se recaben para la promoci\u00f3n de productos y\/o servicios de terceros distintos a\u00a0<strong>LA CL\u00cdNICA DENTAL<\/strong>, no divulgar\u00e1 ni compartir\u00e1 con terceros los datos personales que recabe de sus clientes. Respecto los datos personales que recabe\u00a0<strong>LA CL\u00cdNICA DENTAL<\/strong> ni cualesquiera de sus sucursales para que un tercero pueda promocionar con estos sus productos y\/o servicios.<\/li>\n<li><strong>LA CL\u00cdNICA DENTAL<\/strong>: (i) lo comunicar\u00e1 a sus clientes, quienes, de no estar interesados en el producto y\/o servicio del tercero podr\u00e1n negarse a entregar sus datos y ser contactados por dicho tercero, (ii) firmar\u00e1 un contrato con dicho tercero para que este, en la prestaci\u00f3n de sus servicios, (1) instaure las medidas de seguridad necesarias para garantizar un nivel de protecci\u00f3n adecuado respecto los datos personales de los clientes y (2) limite el uso de los datos para la finalidad con que le fueron entregados por <strong>LA CL\u00cdNICA DENTAL,<\/strong> es decir, con fines de promoci\u00f3n. En caso que ese tercero llegue a contactar al cliente y recabe de este mayor informaci\u00f3n o datos a los transmitidos por <strong>LA CL\u00cdNICA DENTAL<\/strong>, dicho tercero ser\u00e1 responsable del tratamiento que d\u00e9 a esos datos.<\/li>\n<li>Personales Sensibles.\u00a0<strong>LA CL\u00cdNICA DENTAL<\/strong> no transmitir\u00e1 los datos sensibles que recabe de sus clientes con motivo de la orientaci\u00f3n m\u00e9dica odontolog\u00eda. c. Transferencia de datos sin consentimiento del cliente. <strong>LA CL\u00cdNICA DENTAL<\/strong>\u00a0podr\u00e1 transmitir los datos que recabe de sus clientes: (i) a cualquiera de sus subsidiarias y\/o afiliadas, quienes quedar\u00e1n obligadas a resguardar y utilizar la informaci\u00f3n en t\u00e9rminos de este Aviso de Privacidad y (ii) por cualquiera de las razones previstas en la Ley.\u00a0<strong>LA CL\u00cdNICA DENTAL<\/strong>\u00a0se reserva el derecho de transmitir los datos de sus clientes en caso de vender o traspasar la totalidad o parte de su negocio y\/o activos. En caso de producirse dicha venta o traspaso,\u00a0<strong>LA CL\u00cdNICA DENTAL<\/strong>\u00a0har\u00e1 todo lo posible para que el siguiente propietario utilice los datos de los clientes con arreglo a este Aviso de Privacidad. Si no desea que sus datos sean procesados y utilizados tras el traspaso, deber\u00e1 manifestarlo al nuevo propietario.<\/li>\n<\/ol>\n<p style=\"text-align: justify;\"><strong>IV. Medios para ejercer los derechos de acceso, rectificaci\u00f3n, cancelaci\u00f3n u oposici\u00f3n.<\/strong><\/p>\n<p style=\"text-align: justify;\">Todo cliente\/paciente de\u00a0<strong>LA CL\u00cdNICA DENTAL<\/strong>\u00a0interesado en ejercer los derechos previstos en la Ley, podr\u00e1 hacerlo poni\u00e9ndose en contacto con la Subdirecci\u00f3n de Mercadotecnia y Servicio al Cliente de\u00a0<strong>LA CL\u00cdNICA DENTAL<\/strong>, ubicada en Petrarca 223, Polanco, Polanco V Secc, Miguel Hidalgo, 11550 Ciudad de M\u00e9xico, CDMX, M\u00e9xico.<strong>,<\/strong> Tel\u00e9fono <a href=\"tel:X\">X<\/a>\u00a0\u00f3 enviando un correo electr\u00f3nico a la siguiente direcci\u00f3n:\u00a0<strong>contacto@dentalcuernavaca.clinic<\/strong><\/p>\n<p>&nbsp;<\/p>\n<p style=\"text-align: justify;\"><strong>V. Cambios al Aviso de Privacidad.<\/strong><\/p>\n<p style=\"text-align: justify;\">Cualquier cambio a este Aviso de Privacidad se har\u00e1 del conocimiento de los clientes de\u00a0<strong>LA CL\u00cdNICA DENTAL<\/strong>, directamente en el o los establecimientos de\u00a0<strong>LA CL\u00cdNICA DENTAL<\/strong>.<\/p>\n<\/div>\n\t\t<\/div><\/div><div id=\"panel-3681-0-0-1\" class=\"widget_text so-panel widget widget_custom_html panel-last-child\" data-index=\"1\" ><div class=\"widget_text orion custom default panel-widget-style panel-widget-style-for-3681-0-0-1\" ><div class=\"textwidget custom-html-widget\"><a target=\"_blank\" href=\"https:\/\/ff.healthatom.io\/WWmBhQ\"><p class=\"agenda efecto\">\u00a1\ud83e\uddb7Agenda tu cita ya\ud83e\uddb7!<\/p><\/a><\/div><\/div><\/div><\/div><\/div><\/div><\/div>","protected":false},"excerpt":{"rendered":"<p>LA CL\u00cdNICA DENTAL\u00a0o cualquiera de sus subsidiarias y\/o afiliadas (sucursales) en cumplimiento a lo establecido por la Ley Federal de Protecci\u00f3n de Datos Personales en Posesi\u00f3n de los Particulares (la \u201cLey\u201d) y con la finalidad de garantizar la privacidad y el derecho a la autodeterminaci\u00f3n informativa de sus clientes, hace de su conocimiento la pol\u00edtica<\/p>\n","protected":false},"author":1,"featured_media":3879,"parent":0,"menu_order":0,"comment_status":"closed","ping_status":"closed","template":"","meta":{"_joinchat":[],"footnotes":""},"class_list":["post-3681","page","type-page","status-publish","has-post-thumbnail","hentry"],"yoast_head":"<!-- This site is optimized with the Yoast SEO plugin v27.2 - https:\/\/yoast.com\/product\/yoast-seo-wordpress\/ -->\n<title>Pol\u00edticas de Privacidad &#187; La Cl\u00ednica Dental Cuernavaca Rio Mayo<\/title>\n<meta name=\"description\" content=\"LA CL\u00cdNICA DENTAL\u00a0o cualquiera de sus subsidiarias y\/o afiliadas (sucursales) en cumplimiento a lo establecido por la Ley Federal de Protecci\u00f3n de Datos Personales en Posesi\u00f3n de los Particulares (la \u201cLey\u201d) y con la finalidad de garantizar la privacidad y el derecho a la autodeterminaci\u00f3n informativa de sus clientes, hace de su conocimiento la pol\u00edtica de privacidad y manejo de datos personales.\" \/>\n<meta name=\"robots\" content=\"index, follow, max-snippet:-1, max-image-preview:large, max-video-preview:-1\" \/>\n<link rel=\"canonical\" href=\"https:\/\/dentalcuernavaca.clinic\/?page_id=3681\" \/>\n<meta property=\"og:locale\" content=\"es_MX\" \/>\n<meta property=\"og:type\" content=\"article\" \/>\n<meta property=\"og:title\" content=\"Pol\u00edticas de Privacidad &#187; La Cl\u00ednica Dental Cuernavaca Rio Mayo\" \/>\n<meta property=\"og:description\" content=\"LA CL\u00cdNICA DENTAL\u00a0o cualquiera de sus subsidiarias y\/o afiliadas (sucursales) en cumplimiento a lo establecido por la Ley Federal de Protecci\u00f3n de Datos Personales en Posesi\u00f3n de los Particulares (la \u201cLey\u201d) y con la finalidad de garantizar la privacidad y el derecho a la autodeterminaci\u00f3n informativa de sus clientes, hace de su conocimiento la pol\u00edtica de privacidad y manejo de datos personales.\" \/>\n<meta property=\"og:url\" content=\"https:\/\/dentalcuernavaca.clinic\/?page_id=3681\" \/>\n<meta property=\"og:site_name\" content=\"La Cl\u00ednica Dental Cuernavaca Rio Mayo\" \/>\n<meta property=\"article:publisher\" content=\"https:\/\/www.facebook.com\/LaClinicaDental.org\/\" \/>\n<meta property=\"article:modified_time\" content=\"2026-03-20T23:49:59+00:00\" \/>\n<meta property=\"og:image\" content=\"https:\/\/dentalcuernavaca.clinic\/wp-content\/uploads\/2019\/03\/Cita-Odontologicas-mexico.jpg\" \/>\n\t<meta property=\"og:image:width\" content=\"1500\" \/>\n\t<meta property=\"og:image:height\" content=\"589\" \/>\n\t<meta property=\"og:image:type\" content=\"image\/jpeg\" \/>\n<meta name=\"twitter:card\" content=\"summary_large_image\" \/>\n<meta name=\"twitter:label1\" content=\"Tiempo de lectura\" \/>\n\t<meta name=\"twitter:data1\" content=\"4 minutos\" \/>\n<script type=\"application\/ld+json\" class=\"yoast-schema-graph\">{\"@context\":\"https:\/\/schema.org\",\"@graph\":[{\"@type\":[\"WebPage\",\"MedicalWebPage\"],\"@id\":\"https:\/\/dentalcuernavaca.clinic\/?page_id=3681\",\"url\":\"https:\/\/dentalcuernavaca.clinic\/?page_id=3681\",\"name\":\"Pol\u00edticas de Privacidad &#187; La Cl\u00ednica Dental Cuernavaca Rio Mayo\",\"isPartOf\":{\"@id\":\"https:\/\/dentalcuernavaca.clinic\/#website\"},\"primaryImageOfPage\":{\"@id\":\"https:\/\/dentalcuernavaca.clinic\/?page_id=3681#primaryimage\"},\"image\":{\"@id\":\"https:\/\/dentalcuernavaca.clinic\/?page_id=3681#primaryimage\"},\"thumbnailUrl\":\"https:\/\/dentalcuernavaca.clinic\/wp-content\/uploads\/2019\/03\/Cita-Odontologicas-mexico.jpg\",\"datePublished\":\"2023-04-06T06:09:20+00:00\",\"dateModified\":\"2026-03-20T23:49:59+00:00\",\"description\":\"LA CL\u00cdNICA DENTAL\u00a0o cualquiera de sus subsidiarias y\/o afiliadas (sucursales) en cumplimiento a lo establecido por la Ley Federal de Protecci\u00f3n de Datos Personales en Posesi\u00f3n de los Particulares (la \u201cLey\u201d) y con la finalidad de garantizar la privacidad y el derecho a la autodeterminaci\u00f3n informativa de sus clientes, hace de su conocimiento la pol\u00edtica de privacidad y manejo de datos personales.\",\"breadcrumb\":{\"@id\":\"https:\/\/dentalcuernavaca.clinic\/?page_id=3681#breadcrumb\"},\"inLanguage\":\"es\",\"potentialAction\":[{\"@type\":\"ReadAction\",\"target\":[\"https:\/\/dentalcuernavaca.clinic\/?page_id=3681\"]}]},{\"@type\":\"ImageObject\",\"inLanguage\":\"es\",\"@id\":\"https:\/\/dentalcuernavaca.clinic\/?page_id=3681#primaryimage\",\"url\":\"https:\/\/dentalcuernavaca.clinic\/wp-content\/uploads\/2019\/03\/Cita-Odontologicas-mexico.jpg\",\"contentUrl\":\"https:\/\/dentalcuernavaca.clinic\/wp-content\/uploads\/2019\/03\/Cita-Odontologicas-mexico.jpg\",\"width\":1500,\"height\":589,\"caption\":\"Cita-Odontol\u00f3gicas-mexico\"},{\"@type\":\"BreadcrumbList\",\"@id\":\"https:\/\/dentalcuernavaca.clinic\/?page_id=3681#breadcrumb\",\"itemListElement\":[{\"@type\":\"ListItem\",\"position\":1,\"name\":\"Inicio\",\"item\":\"https:\/\/dentalcuernavaca.clinic\/\"},{\"@type\":\"ListItem\",\"position\":2,\"name\":\"Pol\u00edticas de Privacidad\"}]},{\"@type\":\"WebSite\",\"@id\":\"https:\/\/dentalcuernavaca.clinic\/#website\",\"url\":\"https:\/\/dentalcuernavaca.clinic\/\",\"name\":\"La Cl\u00ednica Dental Cuernavaca Conquistador\",\"description\":\"La Cl\u00ednica Dental Cuernavaca Rio Mayo\",\"publisher\":{\"@id\":\"https:\/\/dentalcuernavaca.clinic\/#organization\"},\"alternateName\":\"La Cl\u00ednica Dental Cuernavaca Conquistador\",\"potentialAction\":[{\"@type\":\"SearchAction\",\"target\":{\"@type\":\"EntryPoint\",\"urlTemplate\":\"https:\/\/dentalcuernavaca.clinic\/?s={search_term_string}\"},\"query-input\":{\"@type\":\"PropertyValueSpecification\",\"valueRequired\":true,\"valueName\":\"search_term_string\"}}],\"inLanguage\":\"es\"},{\"@type\":\"Organization\",\"@id\":\"https:\/\/dentalcuernavaca.clinic\/#organization\",\"name\":\"La Cl\u00ednica Dental Cuernavaca Conquistador\",\"alternateName\":\"La Cl\u00ednica Dental Cuernavaca Conquistador\",\"url\":\"https:\/\/dentalcuernavaca.clinic\/\",\"logo\":{\"@type\":\"ImageObject\",\"inLanguage\":\"es\",\"@id\":\"https:\/\/dentalcuernavaca.clinic\/#\/schema\/logo\/image\/\",\"url\":\"https:\/\/dentalcuernavaca.clinic\/wp-content\/uploads\/2023\/03\/logo-la-clinica-dental-oscuro.png\",\"contentUrl\":\"https:\/\/dentalcuernavaca.clinic\/wp-content\/uploads\/2023\/03\/logo-la-clinica-dental-oscuro.png\",\"width\":380,\"height\":82,\"caption\":\"La Cl\u00ednica Dental Cuernavaca Conquistador\"},\"image\":{\"@id\":\"https:\/\/dentalcuernavaca.clinic\/#\/schema\/logo\/image\/\"},\"sameAs\":[\"https:\/\/www.facebook.com\/LaClinicaDental.org\/\",\"https:\/\/www.instagram.com\/laclinicadental_mexico\/\",\"https:\/\/youtu.be\/NtCb2-YNM1s\",\"https:\/\/www.bbb.org\/mexico\/business-reviews\/dental-surgery\/la-clinica-dental-in-mexico-city-df-9933?bluerefx=1\"]}]}<\/script>\n<!-- \/ Yoast SEO plugin. -->","yoast_head_json":{"title":"Pol\u00edticas de Privacidad &#187; La Cl\u00ednica Dental Cuernavaca Rio Mayo","description":"LA CL\u00cdNICA DENTAL\u00a0o cualquiera de sus subsidiarias y\/o afiliadas (sucursales) en cumplimiento a lo establecido por la Ley Federal de Protecci\u00f3n de Datos Personales en Posesi\u00f3n de los Particulares (la \u201cLey\u201d) y con la finalidad de garantizar la privacidad y el derecho a la autodeterminaci\u00f3n informativa de sus clientes, hace de su conocimiento la pol\u00edtica de privacidad y manejo de datos personales.","robots":{"index":"index","follow":"follow","max-snippet":"max-snippet:-1","max-image-preview":"max-image-preview:large","max-video-preview":"max-video-preview:-1"},"canonical":"https:\/\/dentalcuernavaca.clinic\/?page_id=3681","og_locale":"es_MX","og_type":"article","og_title":"Pol\u00edticas de Privacidad &#187; La Cl\u00ednica Dental Cuernavaca Rio Mayo","og_description":"LA CL\u00cdNICA DENTAL\u00a0o cualquiera de sus subsidiarias y\/o afiliadas (sucursales) en cumplimiento a lo establecido por la Ley Federal de Protecci\u00f3n de Datos Personales en Posesi\u00f3n de los Particulares (la \u201cLey\u201d) y con la finalidad de garantizar la privacidad y el derecho a la autodeterminaci\u00f3n informativa de sus clientes, hace de su conocimiento la pol\u00edtica de privacidad y manejo de datos personales.","og_url":"https:\/\/dentalcuernavaca.clinic\/?page_id=3681","og_site_name":"La Cl\u00ednica Dental Cuernavaca Rio Mayo","article_publisher":"https:\/\/www.facebook.com\/LaClinicaDental.org\/","article_modified_time":"2026-03-20T23:49:59+00:00","og_image":[{"width":1500,"height":589,"url":"https:\/\/dentalcuernavaca.clinic\/wp-content\/uploads\/2019\/03\/Cita-Odontologicas-mexico.jpg","type":"image\/jpeg"}],"twitter_card":"summary_large_image","twitter_misc":{"Tiempo de lectura":"4 minutos"},"schema":{"@context":"https:\/\/schema.org","@graph":[{"@type":["WebPage","MedicalWebPage"],"@id":"https:\/\/dentalcuernavaca.clinic\/?page_id=3681","url":"https:\/\/dentalcuernavaca.clinic\/?page_id=3681","name":"Pol\u00edticas de Privacidad &#187; La Cl\u00ednica Dental Cuernavaca Rio Mayo","isPartOf":{"@id":"https:\/\/dentalcuernavaca.clinic\/#website"},"primaryImageOfPage":{"@id":"https:\/\/dentalcuernavaca.clinic\/?page_id=3681#primaryimage"},"image":{"@id":"https:\/\/dentalcuernavaca.clinic\/?page_id=3681#primaryimage"},"thumbnailUrl":"https:\/\/dentalcuernavaca.clinic\/wp-content\/uploads\/2019\/03\/Cita-Odontologicas-mexico.jpg","datePublished":"2023-04-06T06:09:20+00:00","dateModified":"2026-03-20T23:49:59+00:00","description":"LA CL\u00cdNICA DENTAL\u00a0o cualquiera de sus subsidiarias y\/o afiliadas (sucursales) en cumplimiento a lo establecido por la Ley Federal de Protecci\u00f3n de Datos Personales en Posesi\u00f3n de los Particulares (la \u201cLey\u201d) y con la finalidad de garantizar la privacidad y el derecho a la autodeterminaci\u00f3n informativa de sus clientes, hace de su conocimiento la pol\u00edtica de privacidad y manejo de datos personales.","breadcrumb":{"@id":"https:\/\/dentalcuernavaca.clinic\/?page_id=3681#breadcrumb"},"inLanguage":"es","potentialAction":[{"@type":"ReadAction","target":["https:\/\/dentalcuernavaca.clinic\/?page_id=3681"]}]},{"@type":"ImageObject","inLanguage":"es","@id":"https:\/\/dentalcuernavaca.clinic\/?page_id=3681#primaryimage","url":"https:\/\/dentalcuernavaca.clinic\/wp-content\/uploads\/2019\/03\/Cita-Odontologicas-mexico.jpg","contentUrl":"https:\/\/dentalcuernavaca.clinic\/wp-content\/uploads\/2019\/03\/Cita-Odontologicas-mexico.jpg","width":1500,"height":589,"caption":"Cita-Odontol\u00f3gicas-mexico"},{"@type":"BreadcrumbList","@id":"https:\/\/dentalcuernavaca.clinic\/?page_id=3681#breadcrumb","itemListElement":[{"@type":"ListItem","position":1,"name":"Inicio","item":"https:\/\/dentalcuernavaca.clinic\/"},{"@type":"ListItem","position":2,"name":"Pol\u00edticas de Privacidad"}]},{"@type":"WebSite","@id":"https:\/\/dentalcuernavaca.clinic\/#website","url":"https:\/\/dentalcuernavaca.clinic\/","name":"La Cl\u00ednica Dental Cuernavaca Conquistador","description":"La Cl\u00ednica Dental Cuernavaca Rio Mayo","publisher":{"@id":"https:\/\/dentalcuernavaca.clinic\/#organization"},"alternateName":"La Cl\u00ednica Dental Cuernavaca Conquistador","potentialAction":[{"@type":"SearchAction","target":{"@type":"EntryPoint","urlTemplate":"https:\/\/dentalcuernavaca.clinic\/?s={search_term_string}"},"query-input":{"@type":"PropertyValueSpecification","valueRequired":true,"valueName":"search_term_string"}}],"inLanguage":"es"},{"@type":"Organization","@id":"https:\/\/dentalcuernavaca.clinic\/#organization","name":"La Cl\u00ednica Dental Cuernavaca Conquistador","alternateName":"La Cl\u00ednica Dental Cuernavaca Conquistador","url":"https:\/\/dentalcuernavaca.clinic\/","logo":{"@type":"ImageObject","inLanguage":"es","@id":"https:\/\/dentalcuernavaca.clinic\/#\/schema\/logo\/image\/","url":"https:\/\/dentalcuernavaca.clinic\/wp-content\/uploads\/2023\/03\/logo-la-clinica-dental-oscuro.png","contentUrl":"https:\/\/dentalcuernavaca.clinic\/wp-content\/uploads\/2023\/03\/logo-la-clinica-dental-oscuro.png","width":380,"height":82,"caption":"La Cl\u00ednica Dental Cuernavaca Conquistador"},"image":{"@id":"https:\/\/dentalcuernavaca.clinic\/#\/schema\/logo\/image\/"},"sameAs":["https:\/\/www.facebook.com\/LaClinicaDental.org\/","https:\/\/www.instagram.com\/laclinicadental_mexico\/","https:\/\/youtu.be\/NtCb2-YNM1s","https:\/\/www.bbb.org\/mexico\/business-reviews\/dental-surgery\/la-clinica-dental-in-mexico-city-df-9933?bluerefx=1"]}]}},"_links":{"self":[{"href":"https:\/\/dentalcuernavaca.clinic\/index.php?rest_route=\/wp\/v2\/pages\/3681","targetHints":{"allow":["GET"]}}],"collection":[{"href":"https:\/\/dentalcuernavaca.clinic\/index.php?rest_route=\/wp\/v2\/pages"}],"about":[{"href":"https:\/\/dentalcuernavaca.clinic\/index.php?rest_route=\/wp\/v2\/types\/page"}],"author":[{"embeddable":true,"href":"https:\/\/dentalcuernavaca.clinic\/index.php?rest_route=\/wp\/v2\/users\/1"}],"replies":[{"embeddable":true,"href":"https:\/\/dentalcuernavaca.clinic\/index.php?rest_route=%2Fwp%2Fv2%2Fcomments&post=3681"}],"version-history":[{"count":2,"href":"https:\/\/dentalcuernavaca.clinic\/index.php?rest_route=\/wp\/v2\/pages\/3681\/revisions"}],"predecessor-version":[{"id":5878,"href":"https:\/\/dentalcuernavaca.clinic\/index.php?rest_route=\/wp\/v2\/pages\/3681\/revisions\/5878"}],"wp:featuredmedia":[{"embeddable":true,"href":"https:\/\/dentalcuernavaca.clinic\/index.php?rest_route=\/wp\/v2\/media\/3879"}],"wp:attachment":[{"href":"https:\/\/dentalcuernavaca.clinic\/index.php?rest_route=%2Fwp%2Fv2%2Fmedia&parent=3681"}],"curies":[{"name":"wp","href":"https:\/\/api.w.org\/{rel}","templated":true}]}}