{"id":5469,"date":"2023-03-05T08:25:29","date_gmt":"2023-03-05T14:25:29","guid":{"rendered":"http:\/\/dentalia.orionthemes.com\/demo-1\/?page_id=1002"},"modified":"2023-04-09T19:12:57","modified_gmt":"2023-04-10T01:12:57","slug":"blog","status":"publish","type":"page","link":"https:\/\/dentalcuernavaca.clinic\/?page_id=5469","title":{"rendered":"Blog"},"content":{"rendered":"","protected":false},"excerpt":{"rendered":"","protected":false},"author":1,"featured_media":0,"parent":0,"menu_order":0,"comment_status":"closed","ping_status":"closed","template":"","meta":{"_joinchat":[],"footnotes":""},"class_list":["post-5469","page","type-page","status-publish","hentry"],"yoast_head":"<!-- This site is optimized with the Yoast SEO plugin v27.2 - https:\/\/yoast.com\/product\/yoast-seo-wordpress\/ -->\n<title>Blog &#187; La Cl\u00ednica Dental Cuernavaca Rio Mayo<\/title>\n<meta name=\"description\" content=\"La salud bucal es m\u00e1s importante de lo que crees, ven y conoce c\u00f3mo la salud bucal, las enc\u00edas y dientes pueden afectar tu salud general.\" \/>\n<meta name=\"robots\" content=\"index, follow, max-snippet:-1, max-image-preview:large, max-video-preview:-1\" \/>\n<link rel=\"canonical\" href=\"https:\/\/dentalcuernavaca.clinic\/blog\" \/>\n<meta property=\"og:locale\" content=\"es_MX\" \/>\n<meta property=\"og:type\" content=\"article\" \/>\n<meta property=\"og:title\" content=\"Block\" \/>\n<meta property=\"og:description\" content=\"La salud bucal es m\u00e1s importante de lo que crees, ven y conoce c\u00f3mo la salud bucal, las enc\u00edas y dientes pueden afectar tu salud general.\" \/>\n<meta property=\"og:url\" content=\"https:\/\/dentalcuernavaca.clinic\/blog\" \/>\n<meta property=\"og:site_name\" content=\"La Cl\u00ednica Dental Cuernavaca Rio Mayo\" \/>\n<meta property=\"article:publisher\" content=\"https:\/\/www.facebook.com\/LaClinicaDental.org\/\" \/>\n<meta property=\"article:modified_time\" content=\"2023-04-10T01:12:57+00:00\" \/>\n<meta property=\"og:image\" content=\"https:\/\/dentalcuernavaca.clinic\/wp-content\/uploads\/2023\/03\/logo-la-clinica-dental-oscuro.png\" \/>\n\t<meta property=\"og:image:width\" content=\"380\" \/>\n\t<meta property=\"og:image:height\" content=\"82\" \/>\n\t<meta property=\"og:image:type\" content=\"image\/png\" \/>\n<meta name=\"twitter:card\" content=\"summary_large_image\" \/>\n<meta name=\"twitter:title\" content=\"Block\" \/>\n<meta name=\"twitter:description\" content=\"La salud bucal es m\u00e1s importante de lo que crees, ven y conoce c\u00f3mo la salud bucal, las enc\u00edas y dientes pueden afectar tu salud general.\" \/>\n<script type=\"application\/ld+json\" class=\"yoast-schema-graph\">{\"@context\":\"https:\/\/schema.org\",\"@graph\":[{\"@type\":[\"Article\",\"BlogPosting\"],\"@id\":\"https:\/\/dentalcuernavaca.clinic\/blog#article\",\"isPartOf\":{\"@id\":\"https:\/\/dentalcuernavaca.clinic\/?page_id=5469\"},\"author\":{\"name\":\"La Cl\u00ednica Dental cuernavaca Rio Mayo 1219\",\"@id\":\"https:\/\/dentalcuernavaca.clinic\/#\/schema\/person\/f7985692399ea8bb9b1698e802dd6149\"},\"headline\":\"Blog\",\"datePublished\":\"2023-03-05T14:25:29+00:00\",\"dateModified\":\"2023-04-10T01:12:57+00:00\",\"mainEntityOfPage\":{\"@id\":\"https:\/\/dentalcuernavaca.clinic\/?page_id=5469\"},\"wordCount\":1,\"publisher\":{\"@id\":\"https:\/\/dentalcuernavaca.clinic\/#organization\"},\"inLanguage\":\"es\"},{\"@type\":[\"WebPage\",\"CollectionPage\"],\"@id\":\"https:\/\/dentalcuernavaca.clinic\/?page_id=5469\",\"url\":\"https:\/\/dentalcuernavaca.clinic\/blog\",\"name\":\"Blog &#187; La Cl\u00ednica Dental Cuernavaca Rio Mayo\",\"isPartOf\":{\"@id\":\"https:\/\/dentalcuernavaca.clinic\/#website\"},\"datePublished\":\"2023-03-05T14:25:29+00:00\",\"dateModified\":\"2023-04-10T01:12:57+00:00\",\"description\":\"La salud bucal es m\u00e1s importante de lo que crees, ven y conoce c\u00f3mo la salud bucal, las enc\u00edas y dientes pueden afectar tu salud general.\",\"breadcrumb\":{\"@id\":\"https:\/\/dentalcuernavaca.clinic\/blog#breadcrumb\"},\"inLanguage\":\"es\"},{\"@type\":\"BreadcrumbList\",\"@id\":\"https:\/\/dentalcuernavaca.clinic\/blog#breadcrumb\",\"itemListElement\":[{\"@type\":\"ListItem\",\"position\":1,\"name\":\"Inicio\",\"item\":\"https:\/\/dentalcuernavaca.clinic\/\"},{\"@type\":\"ListItem\",\"position\":2,\"name\":\"Blog\"}]},{\"@type\":\"WebSite\",\"@id\":\"https:\/\/dentalcuernavaca.clinic\/#website\",\"url\":\"https:\/\/dentalcuernavaca.clinic\/\",\"name\":\"La Cl\u00ednica Dental Cuernavaca Conquistador\",\"description\":\"La Cl\u00ednica Dental Cuernavaca Rio Mayo\",\"publisher\":{\"@id\":\"https:\/\/dentalcuernavaca.clinic\/#organization\"},\"alternateName\":\"La Cl\u00ednica Dental Cuernavaca Conquistador\",\"potentialAction\":[{\"@type\":\"SearchAction\",\"target\":{\"@type\":\"EntryPoint\",\"urlTemplate\":\"https:\/\/dentalcuernavaca.clinic\/?s={search_term_string}\"},\"query-input\":{\"@type\":\"PropertyValueSpecification\",\"valueRequired\":true,\"valueName\":\"search_term_string\"}}],\"inLanguage\":\"es\"},{\"@type\":\"Organization\",\"@id\":\"https:\/\/dentalcuernavaca.clinic\/#organization\",\"name\":\"La Cl\u00ednica Dental Cuernavaca Conquistador\",\"alternateName\":\"La Cl\u00ednica Dental Cuernavaca Conquistador\",\"url\":\"https:\/\/dentalcuernavaca.clinic\/\",\"logo\":{\"@type\":\"ImageObject\",\"inLanguage\":\"es\",\"@id\":\"https:\/\/dentalcuernavaca.clinic\/#\/schema\/logo\/image\/\",\"url\":\"https:\/\/dentalcuernavaca.clinic\/wp-content\/uploads\/2023\/03\/logo-la-clinica-dental-oscuro.png\",\"contentUrl\":\"https:\/\/dentalcuernavaca.clinic\/wp-content\/uploads\/2023\/03\/logo-la-clinica-dental-oscuro.png\",\"width\":380,\"height\":82,\"caption\":\"La Cl\u00ednica Dental Cuernavaca Conquistador\"},\"image\":{\"@id\":\"https:\/\/dentalcuernavaca.clinic\/#\/schema\/logo\/image\/\"},\"sameAs\":[\"https:\/\/www.facebook.com\/LaClinicaDental.org\/\",\"https:\/\/www.instagram.com\/laclinicadental_mexico\/\",\"https:\/\/youtu.be\/NtCb2-YNM1s\",\"https:\/\/www.bbb.org\/mexico\/business-reviews\/dental-surgery\/la-clinica-dental-in-mexico-city-df-9933?bluerefx=1\"]},{\"@type\":\"Person\",\"@id\":\"https:\/\/dentalcuernavaca.clinic\/#\/schema\/person\/f7985692399ea8bb9b1698e802dd6149\",\"name\":\"La Cl\u00ednica Dental cuernavaca Rio Mayo 1219\",\"image\":{\"@type\":\"ImageObject\",\"inLanguage\":\"es\",\"@id\":\"https:\/\/secure.gravatar.com\/avatar\/c802a4b5e57695869c6406235eaf5902dfae1d1dc9bb19e3afd9c305ad9cfec4?s=96&d=mm&r=g\",\"url\":\"https:\/\/secure.gravatar.com\/avatar\/c802a4b5e57695869c6406235eaf5902dfae1d1dc9bb19e3afd9c305ad9cfec4?s=96&d=mm&r=g\",\"contentUrl\":\"https:\/\/secure.gravatar.com\/avatar\/c802a4b5e57695869c6406235eaf5902dfae1d1dc9bb19e3afd9c305ad9cfec4?s=96&d=mm&r=g\",\"caption\":\"La Cl\u00ednica Dental cuernavaca Rio Mayo 1219\"},\"sameAs\":[\"https:\/\/dentalcuernavaca.clinic\"],\"url\":\"https:\/\/dentalcuernavaca.clinic\/?author=1\"}]}<\/script>\n<!-- \/ Yoast SEO plugin. -->","yoast_head_json":{"title":"Blog &#187; La Cl\u00ednica Dental Cuernavaca Rio Mayo","description":"La salud bucal es m\u00e1s importante de lo que crees, ven y conoce c\u00f3mo la salud bucal, las enc\u00edas y dientes pueden afectar tu salud general.","robots":{"index":"index","follow":"follow","max-snippet":"max-snippet:-1","max-image-preview":"max-image-preview:large","max-video-preview":"max-video-preview:-1"},"canonical":"https:\/\/dentalcuernavaca.clinic\/blog","og_locale":"es_MX","og_type":"article","og_title":"Block","og_description":"La salud bucal es m\u00e1s importante de lo que crees, ven y conoce c\u00f3mo la salud bucal, las enc\u00edas y dientes pueden afectar tu salud general.","og_url":"https:\/\/dentalcuernavaca.clinic\/blog","og_site_name":"La Cl\u00ednica Dental Cuernavaca Rio Mayo","article_publisher":"https:\/\/www.facebook.com\/LaClinicaDental.org\/","article_modified_time":"2023-04-10T01:12:57+00:00","og_image":[{"width":380,"height":82,"url":"https:\/\/dentalcuernavaca.clinic\/wp-content\/uploads\/2023\/03\/logo-la-clinica-dental-oscuro.png","type":"image\/png"}],"twitter_card":"summary_large_image","twitter_title":"Block","twitter_description":"La salud bucal es m\u00e1s importante de lo que crees, ven y conoce c\u00f3mo la salud bucal, las enc\u00edas y dientes pueden afectar tu salud general.","schema":{"@context":"https:\/\/schema.org","@graph":[{"@type":["Article","BlogPosting"],"@id":"https:\/\/dentalcuernavaca.clinic\/blog#article","isPartOf":{"@id":"https:\/\/dentalcuernavaca.clinic\/?page_id=5469"},"author":{"name":"La Cl\u00ednica Dental cuernavaca Rio Mayo 1219","@id":"https:\/\/dentalcuernavaca.clinic\/#\/schema\/person\/f7985692399ea8bb9b1698e802dd6149"},"headline":"Blog","datePublished":"2023-03-05T14:25:29+00:00","dateModified":"2023-04-10T01:12:57+00:00","mainEntityOfPage":{"@id":"https:\/\/dentalcuernavaca.clinic\/?page_id=5469"},"wordCount":1,"publisher":{"@id":"https:\/\/dentalcuernavaca.clinic\/#organization"},"inLanguage":"es"},{"@type":["WebPage","CollectionPage"],"@id":"https:\/\/dentalcuernavaca.clinic\/?page_id=5469","url":"https:\/\/dentalcuernavaca.clinic\/blog","name":"Blog &#187; La Cl\u00ednica Dental Cuernavaca Rio Mayo","isPartOf":{"@id":"https:\/\/dentalcuernavaca.clinic\/#website"},"datePublished":"2023-03-05T14:25:29+00:00","dateModified":"2023-04-10T01:12:57+00:00","description":"La salud bucal es m\u00e1s importante de lo que crees, ven y conoce c\u00f3mo la salud bucal, las enc\u00edas y dientes pueden afectar tu salud general.","breadcrumb":{"@id":"https:\/\/dentalcuernavaca.clinic\/blog#breadcrumb"},"inLanguage":"es"},{"@type":"BreadcrumbList","@id":"https:\/\/dentalcuernavaca.clinic\/blog#breadcrumb","itemListElement":[{"@type":"ListItem","position":1,"name":"Inicio","item":"https:\/\/dentalcuernavaca.clinic\/"},{"@type":"ListItem","position":2,"name":"Blog"}]},{"@type":"WebSite","@id":"https:\/\/dentalcuernavaca.clinic\/#website","url":"https:\/\/dentalcuernavaca.clinic\/","name":"La Cl\u00ednica Dental Cuernavaca Conquistador","description":"La Cl\u00ednica Dental Cuernavaca Rio Mayo","publisher":{"@id":"https:\/\/dentalcuernavaca.clinic\/#organization"},"alternateName":"La Cl\u00ednica Dental Cuernavaca Conquistador","potentialAction":[{"@type":"SearchAction","target":{"@type":"EntryPoint","urlTemplate":"https:\/\/dentalcuernavaca.clinic\/?s={search_term_string}"},"query-input":{"@type":"PropertyValueSpecification","valueRequired":true,"valueName":"search_term_string"}}],"inLanguage":"es"},{"@type":"Organization","@id":"https:\/\/dentalcuernavaca.clinic\/#organization","name":"La Cl\u00ednica Dental Cuernavaca Conquistador","alternateName":"La Cl\u00ednica Dental Cuernavaca Conquistador","url":"https:\/\/dentalcuernavaca.clinic\/","logo":{"@type":"ImageObject","inLanguage":"es","@id":"https:\/\/dentalcuernavaca.clinic\/#\/schema\/logo\/image\/","url":"https:\/\/dentalcuernavaca.clinic\/wp-content\/uploads\/2023\/03\/logo-la-clinica-dental-oscuro.png","contentUrl":"https:\/\/dentalcuernavaca.clinic\/wp-content\/uploads\/2023\/03\/logo-la-clinica-dental-oscuro.png","width":380,"height":82,"caption":"La Cl\u00ednica Dental Cuernavaca Conquistador"},"image":{"@id":"https:\/\/dentalcuernavaca.clinic\/#\/schema\/logo\/image\/"},"sameAs":["https:\/\/www.facebook.com\/LaClinicaDental.org\/","https:\/\/www.instagram.com\/laclinicadental_mexico\/","https:\/\/youtu.be\/NtCb2-YNM1s","https:\/\/www.bbb.org\/mexico\/business-reviews\/dental-surgery\/la-clinica-dental-in-mexico-city-df-9933?bluerefx=1"]},{"@type":"Person","@id":"https:\/\/dentalcuernavaca.clinic\/#\/schema\/person\/f7985692399ea8bb9b1698e802dd6149","name":"La Cl\u00ednica Dental cuernavaca Rio Mayo 1219","image":{"@type":"ImageObject","inLanguage":"es","@id":"https:\/\/secure.gravatar.com\/avatar\/c802a4b5e57695869c6406235eaf5902dfae1d1dc9bb19e3afd9c305ad9cfec4?s=96&d=mm&r=g","url":"https:\/\/secure.gravatar.com\/avatar\/c802a4b5e57695869c6406235eaf5902dfae1d1dc9bb19e3afd9c305ad9cfec4?s=96&d=mm&r=g","contentUrl":"https:\/\/secure.gravatar.com\/avatar\/c802a4b5e57695869c6406235eaf5902dfae1d1dc9bb19e3afd9c305ad9cfec4?s=96&d=mm&r=g","caption":"La Cl\u00ednica Dental cuernavaca Rio Mayo 1219"},"sameAs":["https:\/\/dentalcuernavaca.clinic"],"url":"https:\/\/dentalcuernavaca.clinic\/?author=1"}]}},"_links":{"self":[{"href":"https:\/\/dentalcuernavaca.clinic\/index.php?rest_route=\/wp\/v2\/pages\/5469","targetHints":{"allow":["GET"]}}],"collection":[{"href":"https:\/\/dentalcuernavaca.clinic\/index.php?rest_route=\/wp\/v2\/pages"}],"about":[{"href":"https:\/\/dentalcuernavaca.clinic\/index.php?rest_route=\/wp\/v2\/types\/page"}],"author":[{"embeddable":true,"href":"https:\/\/dentalcuernavaca.clinic\/index.php?rest_route=\/wp\/v2\/users\/1"}],"replies":[{"embeddable":true,"href":"https:\/\/dentalcuernavaca.clinic\/index.php?rest_route=%2Fwp%2Fv2%2Fcomments&post=5469"}],"version-history":[{"count":0,"href":"https:\/\/dentalcuernavaca.clinic\/index.php?rest_route=\/wp\/v2\/pages\/5469\/revisions"}],"wp:attachment":[{"href":"https:\/\/dentalcuernavaca.clinic\/index.php?rest_route=%2Fwp%2Fv2%2Fmedia&parent=5469"}],"curies":[{"name":"wp","href":"https:\/\/api.w.org\/{rel}","templated":true}]}}