{"id":5470,"date":"2023-03-03T13:08:08","date_gmt":"2023-03-03T19:08:08","guid":{"rendered":"http:\/\/dentalia.orionthemes.com\/demo-1\/?page_id=1154"},"modified":"2026-03-25T10:04:19","modified_gmt":"2026-03-25T16:04:19","slug":"instalaciones","status":"publish","type":"page","link":"https:\/\/dentalcuernavaca.clinic\/?page_id=5470","title":{"rendered":"Instalaciones"},"content":{"rendered":"<div id=\"pl-5470\"  class=\"panel-layout\" ><div id=\"pg-5470-0\"  class=\"panel-grid panel-has-style\" ><div class=\"divider-no-animation tablet-default mobile-1-in-row desktop-default custom panel-row-style panel-row-style-for-5470-0\" ><div id=\"pgc-5470-0-0\"  class=\"panel-grid-cell panel-grid-cell-mobile-last\" ><div id=\"panel-5470-0-0-0\" class=\"so-panel widget widget_orion_image_w panel-first-child\" data-index=\"0\" ><div class=\"orion custom default panel-widget-style panel-widget-style-for-5470-0-0-0\" ><div\n\t\t\t\n\t\t\tclass=\"so-widget-orion_image_w so-widget-orion_image_w-base\"\n\t\t\t\n\t\t>\r\n<div class=\"image-w relative\">\r\n\r\n\t\t\t\t\t\t\t\t\t\t<a rel=\"orion-images\" class=\" overlay-greyscale overlay-hover-none\" href=\"https:\/\/dentalcuernavaca.clinic\/wp-content\/uploads\/2024\/03\/foto-3-768x1024.jpg\" title=\"\" data-caption=\"\" data-fancybox=\"https:\/\/dentalcuernavaca.clinic\/wp-content\/uploads\/2024\/03\/foto-3-768x1024.jpg\">\r\n\t\t\r\n\t\t\t\t\t<img loading=\"lazy\" decoding=\"async\" width=\"1200\" height=\"1600\" src=\"https:\/\/dentalcuernavaca.clinic\/wp-content\/uploads\/2024\/03\/foto-3.jpg\" class=\"attachment- size-\" alt=\"\" \/>\t\t\t<div class=\"overlay\"><\/div>\r\n\t\t\r\n\t\t\t\t\t<\/a>\r\n\t\t\t\r\n\t\r\n\t<div class=\"absolute\">\r\n\t\t<div class=\"hover-desc table-wrap\">\r\n\t\t\t<div class=\"cell-wrap\">\r\n\t\t\t\t<h4 class=\"text-light\"><\/h4>\r\n\t\t\t<\/div>\r\n\t\t<\/div>\r\n\t<\/div>\t\t\t\t\t\r\n<\/div>\r\n\r\n<\/div><\/div><\/div><div id=\"panel-5470-0-0-1\" class=\"so-panel widget widget_orion_image_w\" data-index=\"1\" ><div class=\"orion custom default panel-widget-style panel-widget-style-for-5470-0-0-1\" ><div\n\t\t\t\n\t\t\tclass=\"so-widget-orion_image_w so-widget-orion_image_w-base\"\n\t\t\t\n\t\t>\r\n<div class=\"image-w relative\">\r\n\r\n\t\t\t\t\t\t\t\t\t\t<a rel=\"orion-images\" class=\" overlay-greyscale overlay-hover-none\" href=\"https:\/\/dentalcuernavaca.clinic\/wp-content\/uploads\/2024\/03\/foto-4-768x1024.jpg\" title=\"\" data-caption=\"\" data-fancybox=\"https:\/\/dentalcuernavaca.clinic\/wp-content\/uploads\/2024\/03\/foto-4-768x1024.jpg\">\r\n\t\t\r\n\t\t\t\t\t<img loading=\"lazy\" decoding=\"async\" width=\"1200\" height=\"1600\" src=\"https:\/\/dentalcuernavaca.clinic\/wp-content\/uploads\/2024\/03\/foto-4.jpg\" class=\"attachment- size-\" alt=\"\" \/>\t\t\t<div class=\"overlay\"><\/div>\r\n\t\t\r\n\t\t\t\t\t<\/a>\r\n\t\t\t\r\n\t\r\n\t<div class=\"absolute\">\r\n\t\t<div class=\"hover-desc table-wrap\">\r\n\t\t\t<div class=\"cell-wrap\">\r\n\t\t\t\t<h4 class=\"text-light\"><\/h4>\r\n\t\t\t<\/div>\r\n\t\t<\/div>\r\n\t<\/div>\t\t\t\t\t\r\n<\/div>\r\n\r\n<\/div><\/div><\/div><div id=\"panel-5470-0-0-2\" class=\"so-panel widget widget_orion_image_w panel-last-child\" data-index=\"2\" ><div class=\"orion custom default panel-widget-style panel-widget-style-for-5470-0-0-2\" ><div\n\t\t\t\n\t\t\tclass=\"so-widget-orion_image_w so-widget-orion_image_w-base\"\n\t\t\t\n\t\t>\r\n<div class=\"image-w relative\">\r\n\r\n\t\t\t\t\t\t\t\t\t\t<a rel=\"orion-images\" class=\" overlay-greyscale overlay-hover-none\" href=\"https:\/\/dentalcuernavaca.clinic\/wp-content\/uploads\/2024\/03\/foto-5-768x1024.jpg\" title=\"\" data-caption=\"\" data-fancybox=\"https:\/\/dentalcuernavaca.clinic\/wp-content\/uploads\/2024\/03\/foto-5-768x1024.jpg\">\r\n\t\t\r\n\t\t\t\t\t<img loading=\"lazy\" decoding=\"async\" width=\"1200\" height=\"1600\" src=\"https:\/\/dentalcuernavaca.clinic\/wp-content\/uploads\/2024\/03\/foto-5.jpg\" class=\"attachment- size-\" alt=\"\" \/>\t\t\t<div class=\"overlay\"><\/div>\r\n\t\t\r\n\t\t\t\t\t<\/a>\r\n\t\t\t\r\n\t\r\n\t<div class=\"absolute\">\r\n\t\t<div class=\"hover-desc table-wrap\">\r\n\t\t\t<div class=\"cell-wrap\">\r\n\t\t\t\t<h4 class=\"text-light\"><\/h4>\r\n\t\t\t<\/div>\r\n\t\t<\/div>\r\n\t<\/div>\t\t\t\t\t\r\n<\/div>\r\n\r\n<\/div><\/div><\/div><\/div><div id=\"pgc-5470-0-1\"  class=\"panel-grid-cell panel-grid-cell-empty\" ><\/div><\/div><\/div><div id=\"pg-5470-1\"  class=\"panel-grid panel-has-style\" ><div class=\"divider-no-animation tablet-default mobile-1-in-row desktop-default custom panel-row-style panel-row-style-for-5470-1\" ><div id=\"pgc-5470-1-0\"  class=\"panel-grid-cell panel-grid-cell-mobile-last\" ><div id=\"panel-5470-1-0-0\" class=\"widget_text so-panel widget widget_custom_html panel-first-child panel-last-child\" data-index=\"3\" ><div class=\"widget_text orion custom default panel-widget-style panel-widget-style-for-5470-1-0-0\" ><div class=\"textwidget custom-html-widget\"><a target=\"_blank\" href=\"https:\/\/ff.healthatom.io\/WWmBhQ\"><p class=\"agenda efecto\">\u00a1\ud83e\uddb7Agenda tu cita ya\ud83e\uddb7!<\/p><\/a><\/div><\/div><\/div><\/div><div id=\"pgc-5470-1-1\"  class=\"panel-grid-cell panel-grid-cell-empty\" ><\/div><\/div><\/div><\/div>","protected":false},"excerpt":{"rendered":"<p>\u00a1\ud83e\uddb7Agenda tu cita ya\ud83e\uddb7!<\/p>\n","protected":false},"author":1,"featured_media":0,"parent":0,"menu_order":0,"comment_status":"closed","ping_status":"closed","template":"","meta":{"_joinchat":[],"footnotes":""},"class_list":["post-5470","page","type-page","status-publish","hentry"],"yoast_head":"<!-- This site is optimized with the Yoast SEO plugin v27.2 - https:\/\/yoast.com\/product\/yoast-seo-wordpress\/ -->\n<title>Instalaciones &#187; La Cl\u00ednica Dental Cuernavaca Rio Mayo<\/title>\n<meta name=\"description\" content=\"Todos nuestros tratamientos y servicios se brindan en c\u00f3modas instalaciones con los m\u00e1s altos est\u00e1ndares de calidad.\" \/>\n<meta name=\"robots\" content=\"index, follow, max-snippet:-1, max-image-preview:large, max-video-preview:-1\" \/>\n<link rel=\"canonical\" href=\"https:\/\/dentalcuernavaca.clinic\/?page_id=5470\" \/>\n<meta property=\"og:locale\" content=\"es_MX\" \/>\n<meta property=\"og:type\" content=\"article\" \/>\n<meta property=\"og:title\" content=\"Instalaciones de La Cl\u00ednica Dental Cuernavaca Rio Mayo\" \/>\n<meta property=\"og:description\" content=\"Todos nuestros tratamientos y servicios se brindan en c\u00f3modas instalaciones con los m\u00e1s altos est\u00e1ndares de calidad.\" \/>\n<meta property=\"og:url\" content=\"https:\/\/dentalcuernavaca.clinic\/?page_id=5470\" \/>\n<meta property=\"og:site_name\" content=\"La Cl\u00ednica Dental Cuernavaca Rio Mayo\" \/>\n<meta property=\"article:publisher\" content=\"https:\/\/www.facebook.com\/LaClinicaDental.org\/\" \/>\n<meta property=\"article:modified_time\" content=\"2026-03-25T16:04:19+00:00\" \/>\n<meta property=\"og:image\" content=\"https:\/\/dentalcuernavaca.clinic\/wp-content\/uploads\/2023\/03\/logo-la-clinica-dental-oscuro.png\" \/>\n\t<meta property=\"og:image:width\" content=\"380\" \/>\n\t<meta property=\"og:image:height\" content=\"82\" \/>\n\t<meta property=\"og:image:type\" content=\"image\/png\" \/>\n<meta name=\"twitter:card\" content=\"summary_large_image\" \/>\n<meta name=\"twitter:description\" content=\"Todos nuestros tratamientos y servicios se brindan en c\u00f3modas instalaciones con los m\u00e1s altos est\u00e1ndares de calidad.\" \/>\n<meta name=\"twitter:label1\" content=\"Tiempo de lectura\" \/>\n\t<meta name=\"twitter:data1\" content=\"1 minuto\" \/>\n<script type=\"application\/ld+json\" class=\"yoast-schema-graph\">{\"@context\":\"https:\/\/schema.org\",\"@graph\":[{\"@type\":[\"WebPage\",\"MedicalWebPage\"],\"@id\":\"https:\/\/dentalcuernavaca.clinic\/?page_id=5470\",\"url\":\"https:\/\/dentalcuernavaca.clinic\/?page_id=5470\",\"name\":\"Instalaciones &#187; La Cl\u00ednica Dental Cuernavaca Rio Mayo\",\"isPartOf\":{\"@id\":\"https:\/\/dentalcuernavaca.clinic\/#website\"},\"datePublished\":\"2023-03-03T19:08:08+00:00\",\"dateModified\":\"2026-03-25T16:04:19+00:00\",\"description\":\"Todos nuestros tratamientos y servicios se brindan en c\u00f3modas instalaciones con los m\u00e1s altos est\u00e1ndares de calidad.\",\"breadcrumb\":{\"@id\":\"https:\/\/dentalcuernavaca.clinic\/?page_id=5470#breadcrumb\"},\"inLanguage\":\"es\",\"potentialAction\":[{\"@type\":\"ReadAction\",\"target\":[\"https:\/\/dentalcuernavaca.clinic\/?page_id=5470\"]}]},{\"@type\":\"BreadcrumbList\",\"@id\":\"https:\/\/dentalcuernavaca.clinic\/?page_id=5470#breadcrumb\",\"itemListElement\":[{\"@type\":\"ListItem\",\"position\":1,\"name\":\"Inicio\",\"item\":\"https:\/\/dentalcuernavaca.clinic\/\"},{\"@type\":\"ListItem\",\"position\":2,\"name\":\"Instalaciones\"}]},{\"@type\":\"WebSite\",\"@id\":\"https:\/\/dentalcuernavaca.clinic\/#website\",\"url\":\"https:\/\/dentalcuernavaca.clinic\/\",\"name\":\"La Cl\u00ednica Dental Cuernavaca Conquistador\",\"description\":\"La Cl\u00ednica Dental Cuernavaca Rio Mayo\",\"publisher\":{\"@id\":\"https:\/\/dentalcuernavaca.clinic\/#organization\"},\"alternateName\":\"La Cl\u00ednica Dental Cuernavaca Conquistador\",\"potentialAction\":[{\"@type\":\"SearchAction\",\"target\":{\"@type\":\"EntryPoint\",\"urlTemplate\":\"https:\/\/dentalcuernavaca.clinic\/?s={search_term_string}\"},\"query-input\":{\"@type\":\"PropertyValueSpecification\",\"valueRequired\":true,\"valueName\":\"search_term_string\"}}],\"inLanguage\":\"es\"},{\"@type\":\"Organization\",\"@id\":\"https:\/\/dentalcuernavaca.clinic\/#organization\",\"name\":\"La Cl\u00ednica Dental Cuernavaca Conquistador\",\"alternateName\":\"La Cl\u00ednica Dental Cuernavaca Conquistador\",\"url\":\"https:\/\/dentalcuernavaca.clinic\/\",\"logo\":{\"@type\":\"ImageObject\",\"inLanguage\":\"es\",\"@id\":\"https:\/\/dentalcuernavaca.clinic\/#\/schema\/logo\/image\/\",\"url\":\"https:\/\/dentalcuernavaca.clinic\/wp-content\/uploads\/2023\/03\/logo-la-clinica-dental-oscuro.png\",\"contentUrl\":\"https:\/\/dentalcuernavaca.clinic\/wp-content\/uploads\/2023\/03\/logo-la-clinica-dental-oscuro.png\",\"width\":380,\"height\":82,\"caption\":\"La Cl\u00ednica Dental Cuernavaca Conquistador\"},\"image\":{\"@id\":\"https:\/\/dentalcuernavaca.clinic\/#\/schema\/logo\/image\/\"},\"sameAs\":[\"https:\/\/www.facebook.com\/LaClinicaDental.org\/\",\"https:\/\/www.instagram.com\/laclinicadental_mexico\/\",\"https:\/\/youtu.be\/NtCb2-YNM1s\",\"https:\/\/www.bbb.org\/mexico\/business-reviews\/dental-surgery\/la-clinica-dental-in-mexico-city-df-9933?bluerefx=1\"]}]}<\/script>\n<!-- \/ Yoast SEO plugin. -->","yoast_head_json":{"title":"Instalaciones &#187; La Cl\u00ednica Dental Cuernavaca Rio Mayo","description":"Todos nuestros tratamientos y servicios se brindan en c\u00f3modas instalaciones con los m\u00e1s altos est\u00e1ndares de calidad.","robots":{"index":"index","follow":"follow","max-snippet":"max-snippet:-1","max-image-preview":"max-image-preview:large","max-video-preview":"max-video-preview:-1"},"canonical":"https:\/\/dentalcuernavaca.clinic\/?page_id=5470","og_locale":"es_MX","og_type":"article","og_title":"Instalaciones de La Cl\u00ednica Dental Cuernavaca Rio Mayo","og_description":"Todos nuestros tratamientos y servicios se brindan en c\u00f3modas instalaciones con los m\u00e1s altos est\u00e1ndares de calidad.","og_url":"https:\/\/dentalcuernavaca.clinic\/?page_id=5470","og_site_name":"La Cl\u00ednica Dental Cuernavaca Rio Mayo","article_publisher":"https:\/\/www.facebook.com\/LaClinicaDental.org\/","article_modified_time":"2026-03-25T16:04:19+00:00","og_image":[{"width":380,"height":82,"url":"https:\/\/dentalcuernavaca.clinic\/wp-content\/uploads\/2023\/03\/logo-la-clinica-dental-oscuro.png","type":"image\/png"}],"twitter_card":"summary_large_image","twitter_description":"Todos nuestros tratamientos y servicios se brindan en c\u00f3modas instalaciones con los m\u00e1s altos est\u00e1ndares de calidad.","twitter_misc":{"Tiempo de lectura":"1 minuto"},"schema":{"@context":"https:\/\/schema.org","@graph":[{"@type":["WebPage","MedicalWebPage"],"@id":"https:\/\/dentalcuernavaca.clinic\/?page_id=5470","url":"https:\/\/dentalcuernavaca.clinic\/?page_id=5470","name":"Instalaciones &#187; La Cl\u00ednica Dental Cuernavaca Rio Mayo","isPartOf":{"@id":"https:\/\/dentalcuernavaca.clinic\/#website"},"datePublished":"2023-03-03T19:08:08+00:00","dateModified":"2026-03-25T16:04:19+00:00","description":"Todos nuestros tratamientos y servicios se brindan en c\u00f3modas instalaciones con los m\u00e1s altos est\u00e1ndares de calidad.","breadcrumb":{"@id":"https:\/\/dentalcuernavaca.clinic\/?page_id=5470#breadcrumb"},"inLanguage":"es","potentialAction":[{"@type":"ReadAction","target":["https:\/\/dentalcuernavaca.clinic\/?page_id=5470"]}]},{"@type":"BreadcrumbList","@id":"https:\/\/dentalcuernavaca.clinic\/?page_id=5470#breadcrumb","itemListElement":[{"@type":"ListItem","position":1,"name":"Inicio","item":"https:\/\/dentalcuernavaca.clinic\/"},{"@type":"ListItem","position":2,"name":"Instalaciones"}]},{"@type":"WebSite","@id":"https:\/\/dentalcuernavaca.clinic\/#website","url":"https:\/\/dentalcuernavaca.clinic\/","name":"La Cl\u00ednica Dental Cuernavaca Conquistador","description":"La Cl\u00ednica Dental Cuernavaca Rio Mayo","publisher":{"@id":"https:\/\/dentalcuernavaca.clinic\/#organization"},"alternateName":"La Cl\u00ednica Dental Cuernavaca Conquistador","potentialAction":[{"@type":"SearchAction","target":{"@type":"EntryPoint","urlTemplate":"https:\/\/dentalcuernavaca.clinic\/?s={search_term_string}"},"query-input":{"@type":"PropertyValueSpecification","valueRequired":true,"valueName":"search_term_string"}}],"inLanguage":"es"},{"@type":"Organization","@id":"https:\/\/dentalcuernavaca.clinic\/#organization","name":"La Cl\u00ednica Dental Cuernavaca Conquistador","alternateName":"La Cl\u00ednica Dental Cuernavaca Conquistador","url":"https:\/\/dentalcuernavaca.clinic\/","logo":{"@type":"ImageObject","inLanguage":"es","@id":"https:\/\/dentalcuernavaca.clinic\/#\/schema\/logo\/image\/","url":"https:\/\/dentalcuernavaca.clinic\/wp-content\/uploads\/2023\/03\/logo-la-clinica-dental-oscuro.png","contentUrl":"https:\/\/dentalcuernavaca.clinic\/wp-content\/uploads\/2023\/03\/logo-la-clinica-dental-oscuro.png","width":380,"height":82,"caption":"La Cl\u00ednica Dental Cuernavaca Conquistador"},"image":{"@id":"https:\/\/dentalcuernavaca.clinic\/#\/schema\/logo\/image\/"},"sameAs":["https:\/\/www.facebook.com\/LaClinicaDental.org\/","https:\/\/www.instagram.com\/laclinicadental_mexico\/","https:\/\/youtu.be\/NtCb2-YNM1s","https:\/\/www.bbb.org\/mexico\/business-reviews\/dental-surgery\/la-clinica-dental-in-mexico-city-df-9933?bluerefx=1"]}]}},"_links":{"self":[{"href":"https:\/\/dentalcuernavaca.clinic\/index.php?rest_route=\/wp\/v2\/pages\/5470","targetHints":{"allow":["GET"]}}],"collection":[{"href":"https:\/\/dentalcuernavaca.clinic\/index.php?rest_route=\/wp\/v2\/pages"}],"about":[{"href":"https:\/\/dentalcuernavaca.clinic\/index.php?rest_route=\/wp\/v2\/types\/page"}],"author":[{"embeddable":true,"href":"https:\/\/dentalcuernavaca.clinic\/index.php?rest_route=\/wp\/v2\/users\/1"}],"replies":[{"embeddable":true,"href":"https:\/\/dentalcuernavaca.clinic\/index.php?rest_route=%2Fwp%2Fv2%2Fcomments&post=5470"}],"version-history":[{"count":4,"href":"https:\/\/dentalcuernavaca.clinic\/index.php?rest_route=\/wp\/v2\/pages\/5470\/revisions"}],"predecessor-version":[{"id":5873,"href":"https:\/\/dentalcuernavaca.clinic\/index.php?rest_route=\/wp\/v2\/pages\/5470\/revisions\/5873"}],"wp:attachment":[{"href":"https:\/\/dentalcuernavaca.clinic\/index.php?rest_route=%2Fwp%2Fv2%2Fmedia&parent=5470"}],"curies":[{"name":"wp","href":"https:\/\/api.w.org\/{rel}","templated":true}]}}